{"id":2370,"date":"2023-12-16T00:02:40","date_gmt":"2023-12-16T00:02:40","guid":{"rendered":"https:\/\/eneabyaudrey.com\/?page_id=2370"},"modified":"2025-10-28T18:39:08","modified_gmt":"2025-10-28T18:39:08","slug":"coulisses-surmesure-passion-equipe","status":"publish","type":"page","link":"https:\/\/eneabyaudrey.com\/en\/coulisses-surmesure-passion-equipe\/","title":{"rendered":"Who are we?"},"content":{"rendered":"<div data-elementor-type=\"wp-page\" data-elementor-id=\"2370\" class=\"elementor elementor-2370\">\n\t\t\t\t<div class=\"elementor-element elementor-element-7364a4b e-flex e-con-boxed e-con e-parent\" data-id=\"7364a4b\" data-element_type=\"container\" data-settings=\"{&quot;background_background&quot;:&quot;slideshow&quot;,&quot;background_slideshow_gallery&quot;:[{&quot;id&quot;:2018,&quot;url&quot;:&quot;https:\\\/\\\/eneabyaudrey.com\\\/wp-content\\\/uploads\\\/2023\\\/12\\\/9-scaled.jpg&quot;},{&quot;id&quot;:2017,&quot;url&quot;:&quot;https:\\\/\\\/eneabyaudrey.com\\\/wp-content\\\/uploads\\\/2023\\\/12\\\/10-scaled.jpg&quot;},{&quot;id&quot;:2016,&quot;url&quot;:&quot;https:\\\/\\\/eneabyaudrey.com\\\/wp-content\\\/uploads\\\/2023\\\/12\\\/11-scaled.jpg&quot;},{&quot;id&quot;:2015,&quot;url&quot;:&quot;https:\\\/\\\/eneabyaudrey.com\\\/wp-content\\\/uploads\\\/2023\\\/12\\\/12-scaled.jpg&quot;},{&quot;id&quot;:2014,&quot;url&quot;:&quot;https:\\\/\\\/eneabyaudrey.com\\\/wp-content\\\/uploads\\\/2023\\\/12\\\/13-scaled.jpg&quot;},{&quot;id&quot;:2013,&quot;url&quot;:&quot;https:\\\/\\\/eneabyaudrey.com\\\/wp-content\\\/uploads\\\/2023\\\/12\\\/14-scaled.jpg&quot;},{&quot;id&quot;:2012,&quot;url&quot;:&quot;https:\\\/\\\/eneabyaudrey.com\\\/wp-content\\\/uploads\\\/2023\\\/12\\\/15-scaled.jpg&quot;},{&quot;id&quot;:2011,&quot;url&quot;:&quot;https:\\\/\\\/eneabyaudrey.com\\\/wp-content\\\/uploads\\\/2023\\\/12\\\/16-scaled.jpg&quot;},{&quot;id&quot;:2010,&quot;url&quot;:&quot;https:\\\/\\\/eneabyaudrey.com\\\/wp-content\\\/uploads\\\/2023\\\/12\\\/17-scaled.jpg&quot;},{&quot;id&quot;:2009,&quot;url&quot;:&quot;https:\\\/\\\/eneabyaudrey.com\\\/wp-content\\\/uploads\\\/2023\\\/12\\\/18-scaled.jpg&quot;},{&quot;id&quot;:2008,&quot;url&quot;:&quot;https:\\\/\\\/eneabyaudrey.com\\\/wp-content\\\/uploads\\\/2023\\\/12\\\/19-scaled.jpg&quot;},{&quot;id&quot;:2007,&quot;url&quot;:&quot;https:\\\/\\\/eneabyaudrey.com\\\/wp-content\\\/uploads\\\/2023\\\/12\\\/20-scaled.jpg&quot;},{&quot;id&quot;:2006,&quot;url&quot;:&quot;https:\\\/\\\/eneabyaudrey.com\\\/wp-content\\\/uploads\\\/2023\\\/12\\\/21-scaled.jpg&quot;}],&quot;background_slideshow_ken_burns&quot;:&quot;yes&quot;,&quot;background_slideshow_loop&quot;:&quot;yes&quot;,&quot;background_slideshow_slide_duration&quot;:5000,&quot;background_slideshow_slide_transition&quot;:&quot;fade&quot;,&quot;background_slideshow_transition_duration&quot;:500,&quot;background_slideshow_ken_burns_zoom_direction&quot;:&quot;in&quot;}\">\n\t\t\t\t\t<div class=\"e-con-inner\">\n\t\t\t\t\t<\/div>\n\t\t\t\t<\/div>\n\t\t<div class=\"elementor-element elementor-element-7f4925d e-flex e-con-boxed e-con e-parent\" data-id=\"7f4925d\" data-element_type=\"container\" data-settings=\"{&quot;background_background&quot;:&quot;classic&quot;}\">\n\t\t\t\t\t<div class=\"e-con-inner\">\n\t\t<div class=\"elementor-element elementor-element-d8581c1 e-con-full e-flex e-con e-child\" data-id=\"d8581c1\" data-element_type=\"container\">\n\t\t\t\t<div class=\"elementor-element elementor-element-468c475 elementor-widget elementor-widget-heading\" data-id=\"468c475\" data-element_type=\"widget\" data-widget_type=\"heading.default\">\n\t\t\t\t<div class=\"elementor-widget-container\">\n\t\t\t\t\t<h1 class=\"elementor-heading-title elementor-size-default\">Discover behind the scenes of our creations and meet our teams<\/h1>\t\t\t\t<\/div>\n\t\t\t\t<\/div>\n\t\t\t\t<div class=\"elementor-element elementor-element-3ce4061 elementor-widget elementor-widget-text-editor\" data-id=\"3ce4061\" data-element_type=\"widget\" data-widget_type=\"text-editor.default\">\n\t\t\t\t<div class=\"elementor-widget-container\">\n\t\t\t\t\t\t\t\t\t<p>Enea is above all an incredible human story... one of friendship and love, collaboration and teamwork, transmission and family. Here, sewing is a daily experience, in a generous atmosphere, brimming with ideas to make you even more unique. Meet our shooting team, our seamstresses, our friends, our family, and take a look behind the scenes of our creations and shoots. With moments captured in the workshop and during sewing workshops, as well as customization and alterations, experience the behind-the-scenes world of Enea's creations!\u00a0<\/p>\t\t\t\t\t\t\t\t<\/div>\n\t\t\t\t<\/div>\n\t\t\t\t<\/div>\n\t\t\t\t\t<\/div>\n\t\t\t\t<\/div>\n\t\t<div class=\"elementor-element elementor-element-62e326a7 e-flex e-con-boxed e-con e-parent\" data-id=\"62e326a7\" data-element_type=\"container\" data-settings=\"{&quot;background_background&quot;:&quot;classic&quot;}\">\n\t\t\t\t\t<div class=\"e-con-inner\">\n\t\t<div class=\"elementor-element elementor-element-f07a27a e-con-full e-flex e-con e-child\" data-id=\"f07a27a\" data-element_type=\"container\">\n\t\t\t\t<div class=\"elementor-element elementor-element-e6a5502 elementor-widget elementor-widget-image\" data-id=\"e6a5502\" data-element_type=\"widget\" data-widget_type=\"image.default\">\n\t\t\t\t<div class=\"elementor-widget-container\">\n\t\t\t\t\t\t\t\t\t\t\t\t\t\t\t<img decoding=\"async\" src=\"https:\/\/eneabyaudrey.com\/wp-content\/uploads\/elementor\/thumbs\/b5-r5k039nsnct8ghzbbaqsj2c7zypwkne5k2cjdipvbu.jpg\" title=\"couturier atelier equipe\" alt=\"couturier atelier equipe creation fabrication sur mesure robe\" loading=\"lazy\" \/>\t\t\t\t\t\t\t\t\t\t\t\t\t\t\t<\/div>\n\t\t\t\t<\/div>\n\t\t\t\t<\/div>\n\t\t<div class=\"elementor-element elementor-element-493a076 e-con-full e-flex e-con e-child\" data-id=\"493a076\" data-element_type=\"container\">\n\t\t\t\t<div class=\"elementor-element elementor-element-43abfbe elementor-widget elementor-widget-image\" data-id=\"43abfbe\" data-element_type=\"widget\" data-widget_type=\"image.default\">\n\t\t\t\t<div class=\"elementor-widget-container\">\n\t\t\t\t\t\t\t\t\t\t\t\t\t\t\t<img decoding=\"async\" src=\"https:\/\/eneabyaudrey.com\/wp-content\/uploads\/elementor\/thumbs\/b4-r5k036ua2updho3erriwtl1u7t3sxk2yjoe2xou1ui.jpg\" title=\"personnalisation retouches creations\" alt=\"personnalisation retouches creations atelier coudre machine equipe\" loading=\"lazy\" \/>\t\t\t\t\t\t\t\t\t\t\t\t\t\t\t<\/div>\n\t\t\t\t<\/div>\n\t\t\t\t<\/div>\n\t\t<div class=\"elementor-element elementor-element-23d1d20 e-con-full e-flex e-con e-child\" data-id=\"23d1d20\" data-element_type=\"container\">\n\t\t\t\t<div class=\"elementor-element elementor-element-732961c elementor-widget elementor-widget-image\" data-id=\"732961c\" data-element_type=\"widget\" data-widget_type=\"image.default\">\n\t\t\t\t<div class=\"elementor-widget-container\">\n\t\t\t\t\t\t\t\t\t\t\t\t\t\t\t<img decoding=\"async\" src=\"https:\/\/eneabyaudrey.com\/wp-content\/uploads\/elementor\/thumbs\/b3-scaled-r5k0340ricliiu7i88b143rgfnhpagrrjafmhuy8d6.jpg\" title=\"couturier atelier equipe\" alt=\"couturier atelier equipe retouches creations personnalisation\" loading=\"lazy\" \/>\t\t\t\t\t\t\t\t\t\t\t\t\t\t\t<\/div>\n\t\t\t\t<\/div>\n\t\t\t\t<\/div>\n\t\t\t\t\t<\/div>\n\t\t\t\t<\/div>\n\t\t<div class=\"elementor-element elementor-element-6daea98 e-flex e-con-boxed e-con e-parent\" data-id=\"6daea98\" data-element_type=\"container\" data-settings=\"{&quot;background_background&quot;:&quot;classic&quot;}\">\n\t\t\t\t\t<div class=\"e-con-inner\">\n\t\t<div class=\"elementor-element elementor-element-4d53e05 e-con-full e-flex e-con e-child\" data-id=\"4d53e05\" data-element_type=\"container\">\n\t\t\t\t<div class=\"elementor-element elementor-element-9a34a67 elementor-widget-tablet__width-initial elementor-widget elementor-widget-image\" data-id=\"9a34a67\" data-element_type=\"widget\" data-widget_type=\"image.default\">\n\t\t\t\t<div class=\"elementor-widget-container\">\n\t\t\t\t\t\t\t\t\t\t\t\t\t\t\t<img decoding=\"async\" src=\"https:\/\/eneabyaudrey.com\/wp-content\/uploads\/elementor\/thumbs\/IMG_6960-scaled-rdu0f1vrk5atm08bdg8m37o85jkvay1jqpprff81t0.jpg\" title=\"IMG_6960\" alt=\"IMG_6960\" loading=\"lazy\" \/>\t\t\t\t\t\t\t\t\t\t\t\t\t\t\t<\/div>\n\t\t\t\t<\/div>\n\t\t\t\t<\/div>\n\t\t<div class=\"elementor-element elementor-element-9b41978 e-con-full e-flex e-con e-child\" data-id=\"9b41978\" data-element_type=\"container\">\n\t\t\t\t<div class=\"elementor-element elementor-element-6dcf2d5 elementor-widget elementor-widget-image\" data-id=\"6dcf2d5\" data-element_type=\"widget\" data-widget_type=\"image.default\">\n\t\t\t\t<div class=\"elementor-widget-container\">\n\t\t\t\t\t\t\t\t\t\t\t\t\t\t\t<img alt=\"\" fetchpriority=\"high\" decoding=\"async\" width=\"683\" height=\"1024\" src=\"https:\/\/eneabyaudrey.com\/wp-content\/uploads\/2025\/10\/IMG_7009-1-683x1024.jpg\" class=\"attachment-large size-large wp-image-6181\" srcset=\"https:\/\/eneabyaudrey.com\/wp-content\/uploads\/2025\/10\/IMG_7009-1-683x1024.jpg 683w, https:\/\/eneabyaudrey.com\/wp-content\/uploads\/2025\/10\/IMG_7009-1-200x300.jpg 200w, https:\/\/eneabyaudrey.com\/wp-content\/uploads\/2025\/10\/IMG_7009-1-768x1152.jpg 768w, https:\/\/eneabyaudrey.com\/wp-content\/uploads\/2025\/10\/IMG_7009-1-1024x1536.jpg 1024w, https:\/\/eneabyaudrey.com\/wp-content\/uploads\/2025\/10\/IMG_7009-1-1365x2048.jpg 1365w, https:\/\/eneabyaudrey.com\/wp-content\/uploads\/2025\/10\/IMG_7009-1-8x12.jpg 8w, https:\/\/eneabyaudrey.com\/wp-content\/uploads\/2025\/10\/IMG_7009-1-scaled.jpg 1707w\" sizes=\"(max-width: 683px) 100vw, 683px\" \/>\t\t\t\t\t\t\t\t\t\t\t\t\t\t\t<\/div>\n\t\t\t\t<\/div>\n\t\t\t\t<\/div>\n\t\t<div class=\"elementor-element elementor-element-5e863e8 e-con-full e-flex e-con e-child\" data-id=\"5e863e8\" data-element_type=\"container\">\n\t\t\t\t<div class=\"elementor-element elementor-element-31abbf1 elementor-widget-tablet__width-initial elementor-widget elementor-widget-image\" data-id=\"31abbf1\" data-element_type=\"widget\" data-widget_type=\"image.default\">\n\t\t\t\t<div class=\"elementor-widget-container\">\n\t\t\t\t\t\t\t\t\t\t\t\t\t\t\t<img decoding=\"async\" src=\"https:\/\/eneabyaudrey.com\/wp-content\/uploads\/elementor\/thumbs\/fda87285-cb24-484e-afc4-263b56c1ff46-r5k0b8cjtifmoyg559lxwf5af8hen7vxvonacjc7xg.jpg\" title=\"couturier atelier equipe\" alt=\"couturier atelier equipe creation robe sur mesure\" loading=\"lazy\" \/>\t\t\t\t\t\t\t\t\t\t\t\t\t\t\t<\/div>\n\t\t\t\t<\/div>\n\t\t\t\t<\/div>\n\t\t\t\t\t<\/div>\n\t\t\t\t<\/div>\n\t\t<div class=\"elementor-element elementor-element-98d91bc e-flex e-con-boxed e-con e-parent\" data-id=\"98d91bc\" data-element_type=\"container\" data-settings=\"{&quot;background_background&quot;:&quot;classic&quot;}\">\n\t\t\t\t\t<div class=\"e-con-inner\">\n\t\t<div class=\"elementor-element elementor-element-3adc497 e-con-full e-flex e-con e-child\" data-id=\"3adc497\" data-element_type=\"container\">\n\t\t\t\t<div class=\"elementor-element elementor-element-1b76224 elementor-widget elementor-widget-image\" data-id=\"1b76224\" data-element_type=\"widget\" data-widget_type=\"image.default\">\n\t\t\t\t<div class=\"elementor-widget-container\">\n\t\t\t\t\t\t\t\t\t\t\t\t\t\t\t<img decoding=\"async\" src=\"https:\/\/eneabyaudrey.com\/wp-content\/uploads\/elementor\/thumbs\/audrey-travail-ajustement-modele-scaled-rc3aqeez7cyyb72fln7wcq77sgu3m4hmofmxhghw4a.jpg\" title=\"audrey travail ajustement modele\" alt=\"audrey travail ajustement modele\" loading=\"lazy\" \/>\t\t\t\t\t\t\t\t\t\t\t\t\t\t\t<\/div>\n\t\t\t\t<\/div>\n\t\t\t\t<\/div>\n\t\t<div class=\"elementor-element elementor-element-75d88d8 e-con-full e-flex e-con e-child\" data-id=\"75d88d8\" data-element_type=\"container\">\n\t\t\t\t<div class=\"elementor-element elementor-element-7fe5a72 elementor-widget elementor-widget-image\" data-id=\"7fe5a72\" data-element_type=\"widget\" data-widget_type=\"image.default\">\n\t\t\t\t<div class=\"elementor-widget-container\">\n\t\t\t\t\t\t\t\t\t\t\t\t\t\t\t<img decoding=\"async\" src=\"https:\/\/eneabyaudrey.com\/wp-content\/uploads\/elementor\/thumbs\/8f5029be-1d8b-4e82-8f27-e61ce4452963-qgvdii3ngi1ml7hyb3h325bdzu1l8gzf8iifmjm5lm.jpg\" title=\"photographe enea coulisses\" alt=\"photographe enea coulisses mannequin collaboration\" loading=\"lazy\" \/>\t\t\t\t\t\t\t\t\t\t\t\t\t\t\t<\/div>\n\t\t\t\t<\/div>\n\t\t\t\t<\/div>\n\t\t<div class=\"elementor-element elementor-element-ceb4bc7 e-con-full e-flex e-con e-child\" data-id=\"ceb4bc7\" data-element_type=\"container\">\n\t\t\t\t<div class=\"elementor-element elementor-element-ad898fc elementor-widget elementor-widget-image\" data-id=\"ad898fc\" data-element_type=\"widget\" data-widget_type=\"image.default\">\n\t\t\t\t<div class=\"elementor-widget-container\">\n\t\t\t\t\t\t\t\t\t\t\t\t\t\t\t<img decoding=\"async\" width=\"768\" height=\"510\" src=\"https:\/\/eneabyaudrey.com\/wp-content\/uploads\/2023\/12\/Screenshot-2023-12-16-at-4.13.59\u202fAM-768x510.png\" class=\"attachment-medium_large size-medium_large wp-image-2381\" alt=\"enea amis coulisses shooting photos\" srcset=\"https:\/\/eneabyaudrey.com\/wp-content\/uploads\/2023\/12\/Screenshot-2023-12-16-at-4.13.59\u202fAM-768x510.png 768w, https:\/\/eneabyaudrey.com\/wp-content\/uploads\/2023\/12\/Screenshot-2023-12-16-at-4.13.59\u202fAM-300x199.png 300w, https:\/\/eneabyaudrey.com\/wp-content\/uploads\/2023\/12\/Screenshot-2023-12-16-at-4.13.59\u202fAM-1024x680.png 1024w, https:\/\/eneabyaudrey.com\/wp-content\/uploads\/2023\/12\/Screenshot-2023-12-16-at-4.13.59\u202fAM-1536x1020.png 1536w, https:\/\/eneabyaudrey.com\/wp-content\/uploads\/2023\/12\/Screenshot-2023-12-16-at-4.13.59\u202fAM.png 1714w\" sizes=\"(max-width: 768px) 100vw, 768px\" \/>\t\t\t\t\t\t\t\t\t\t\t\t\t\t\t<\/div>\n\t\t\t\t<\/div>\n\t\t\t\t<div class=\"elementor-element elementor-element-4147b7b elementor-widget elementor-widget-image\" data-id=\"4147b7b\" data-element_type=\"widget\" data-widget_type=\"image.default\">\n\t\t\t\t<div class=\"elementor-widget-container\">\n\t\t\t\t\t\t\t\t\t\t\t\t\t\t\t<img alt=\"\" decoding=\"async\" width=\"200\" height=\"300\" src=\"https:\/\/eneabyaudrey.com\/wp-content\/uploads\/2025\/09\/audrey-travail-ajustement-200x300.jpg\" class=\"attachment-medium size-medium wp-image-5324\" srcset=\"https:\/\/eneabyaudrey.com\/wp-content\/uploads\/2025\/09\/audrey-travail-ajustement-200x300.jpg 200w, https:\/\/eneabyaudrey.com\/wp-content\/uploads\/2025\/09\/audrey-travail-ajustement-683x1024.jpg 683w, https:\/\/eneabyaudrey.com\/wp-content\/uploads\/2025\/09\/audrey-travail-ajustement-768x1152.jpg 768w, https:\/\/eneabyaudrey.com\/wp-content\/uploads\/2025\/09\/audrey-travail-ajustement-1024x1536.jpg 1024w, https:\/\/eneabyaudrey.com\/wp-content\/uploads\/2025\/09\/audrey-travail-ajustement-1365x2048.jpg 1365w, https:\/\/eneabyaudrey.com\/wp-content\/uploads\/2025\/09\/audrey-travail-ajustement-8x12.jpg 8w, https:\/\/eneabyaudrey.com\/wp-content\/uploads\/2025\/09\/audrey-travail-ajustement-scaled.jpg 1707w\" sizes=\"(max-width: 200px) 100vw, 200px\" \/>\t\t\t\t\t\t\t\t\t\t\t\t\t\t\t<\/div>\n\t\t\t\t<\/div>\n\t\t\t\t<\/div>\n\t\t\t\t\t<\/div>\n\t\t\t\t<\/div>\n\t\t<div class=\"elementor-element elementor-element-62b613a e-flex e-con-boxed e-con e-parent\" data-id=\"62b613a\" data-element_type=\"container\" data-settings=\"{&quot;background_background&quot;:&quot;classic&quot;}\">\n\t\t\t\t\t<div class=\"e-con-inner\">\n\t\t<div class=\"elementor-element elementor-element-c787f10 e-con-full e-flex e-con e-child\" data-id=\"c787f10\" data-element_type=\"container\">\n\t\t\t\t<div class=\"elementor-element elementor-element-2238b65 elementor-widget elementor-widget-image\" data-id=\"2238b65\" data-element_type=\"widget\" data-widget_type=\"image.default\">\n\t\t\t\t<div class=\"elementor-widget-container\">\n\t\t\t\t\t\t\t\t\t\t\t\t\t\t\t<img decoding=\"async\" src=\"https:\/\/eneabyaudrey.com\/wp-content\/uploads\/elementor\/thumbs\/6c9b0144-ccf0-4c99-a2d1-81ec2d268cd9-qgvdinqmnc657igxe6n1g0era90gmfarouajf86a1m.jpg\" title=\"enea coulisse photoshoot\" alt=\"shooting photo enea backstage mannequin\" loading=\"lazy\" \/>\t\t\t\t\t\t\t\t\t\t\t\t\t\t\t<\/div>\n\t\t\t\t<\/div>\n\t\t\t\t<\/div>\n\t\t<div class=\"elementor-element elementor-element-ca44eaa e-con-full e-flex e-con e-child\" data-id=\"ca44eaa\" data-element_type=\"container\">\n\t\t\t\t<div class=\"elementor-element elementor-element-4c4832d elementor-widget elementor-widget-video\" data-id=\"4c4832d\" data-element_type=\"widget\" data-settings=\"{&quot;youtube_url&quot;:&quot;https:\\\/\\\/www.youtube.com\\\/watch?v=AjUR9gBVQrk&quot;,&quot;mute&quot;:&quot;yes&quot;,&quot;video_type&quot;:&quot;youtube&quot;,&quot;controls&quot;:&quot;yes&quot;}\" data-widget_type=\"video.default\">\n\t\t\t\t<div class=\"elementor-widget-container\">\n\t\t\t\t\t\t\t<div class=\"elementor-wrapper elementor-open-inline\">\n\t\t\t<div class=\"elementor-video\"><\/div>\t\t<\/div>\n\t\t\t\t\t\t<\/div>\n\t\t\t\t<\/div>\n\t\t\t\t<\/div>\n\t\t<div class=\"elementor-element elementor-element-704992b e-con-full e-flex e-con e-child\" data-id=\"704992b\" data-element_type=\"container\">\n\t\t\t\t<div class=\"elementor-element elementor-element-2061a44 elementor-widget elementor-widget-image\" data-id=\"2061a44\" data-element_type=\"widget\" data-widget_type=\"image.default\">\n\t\t\t\t<div class=\"elementor-widget-container\">\n\t\t\t\t\t\t\t\t\t\t\t\t\t\t\t<img decoding=\"async\" src=\"https:\/\/eneabyaudrey.com\/wp-content\/uploads\/elementor\/thumbs\/a73b34dd-ac7e-4a1f-a853-22ae27e0e55d-qgvdiluy9o3kkajnp5tsb0vu3h9q713b0kzkgo92e2.jpg\" title=\"photographe enea\" alt=\"coulisses backstage enea creation photographe\" loading=\"lazy\" \/>\t\t\t\t\t\t\t\t\t\t\t\t\t\t\t<\/div>\n\t\t\t\t<\/div>\n\t\t\t\t<\/div>\n\t\t\t\t\t<\/div>\n\t\t\t\t<\/div>\n\t\t<div class=\"elementor-element elementor-element-9361d17 e-flex e-con-boxed e-con e-parent\" data-id=\"9361d17\" data-element_type=\"container\" data-settings=\"{&quot;background_background&quot;:&quot;classic&quot;}\">\n\t\t\t\t\t<div class=\"e-con-inner\">\n\t\t<div class=\"elementor-element elementor-element-98ac2c9 e-con-full e-flex e-con e-child\" data-id=\"98ac2c9\" data-element_type=\"container\">\n\t\t\t\t<div class=\"elementor-element elementor-element-d0f1072 elementor-widget elementor-widget-image\" data-id=\"d0f1072\" data-element_type=\"widget\" data-widget_type=\"image.default\">\n\t\t\t\t<div class=\"elementor-widget-container\">\n\t\t\t\t\t\t\t\t\t\t\t\t\t\t\t<img decoding=\"async\" src=\"https:\/\/eneabyaudrey.com\/wp-content\/uploads\/elementor\/thumbs\/Screenshot-2023-12-22-at-1.32.16\u202fAM-qh5mreqksoji5t4y3nwfqtg4rvayj0e9tm6qx5o5i2.png\" title=\"Screenshot 2023-12-22 at 1.32.16\u202fAM\" alt=\"Screenshot 2023-12-22 at 1.32.16\u202fAM\" loading=\"lazy\" \/>\t\t\t\t\t\t\t\t\t\t\t\t\t\t\t<\/div>\n\t\t\t\t<\/div>\n\t\t\t\t<\/div>\n\t\t<div class=\"elementor-element elementor-element-511d03b e-con-full e-flex e-con e-child\" data-id=\"511d03b\" data-element_type=\"container\">\n\t\t\t\t<div class=\"elementor-element elementor-element-ccedfe2 elementor-widget elementor-widget-image\" data-id=\"ccedfe2\" data-element_type=\"widget\" data-widget_type=\"image.default\">\n\t\t\t\t<div class=\"elementor-widget-container\">\n\t\t\t\t\t\t\t\t\t\t\t\t\t\t\t<img decoding=\"async\" src=\"https:\/\/eneabyaudrey.com\/wp-content\/uploads\/elementor\/thumbs\/51b55289-ed48-4195-839e-8669f7bf791b-qgvdipmdgpu9mnit4bll1omf0bbhweb38vd944vwm2.jpg\" title=\"enea shooting\" alt=\"enea shooting photographe backstage mannequin\" loading=\"lazy\" \/>\t\t\t\t\t\t\t\t\t\t\t\t\t\t\t<\/div>\n\t\t\t\t<\/div>\n\t\t\t\t<\/div>\n\t\t<div class=\"elementor-element elementor-element-75d4b24 e-con-full e-flex e-con e-child\" data-id=\"75d4b24\" data-element_type=\"container\">\n\t\t\t\t<div class=\"elementor-element elementor-element-d07fef8 elementor-widget elementor-widget-image\" data-id=\"d07fef8\" data-element_type=\"widget\" data-widget_type=\"image.default\">\n\t\t\t\t<div class=\"elementor-widget-container\">\n\t\t\t\t\t\t\t\t\t\t\t\t\t\t\t<img decoding=\"async\" src=\"https:\/\/eneabyaudrey.com\/wp-content\/uploads\/elementor\/thumbs\/Screenshot-2023-12-22-at-1.32.35\u202fAM-qh5mtg1zlrbvbe6g7jlc5ay33x9l7ehc3p2mcqng0q.png\" title=\"Screenshot 2023-12-22 at 1.32.35\u202fAM\" alt=\"Screenshot 2023-12-22 at 1.32.35\u202fAM\" loading=\"lazy\" \/>\t\t\t\t\t\t\t\t\t\t\t\t\t\t\t<\/div>\n\t\t\t\t<\/div>\n\t\t\t\t<\/div>\n\t\t\t\t\t<\/div>\n\t\t\t\t<\/div>\n\t\t\t\t<\/div>","protected":false},"excerpt":{"rendered":"<p>D\u00e9couvrez l\u2019envers du d\u00e9cor des cr\u00e9ations et nos \u00e9quipes Enea est avant tout une incroyable histoire humaine&#8230;. d&rsquo;amiti\u00e9 et d&rsquo;amour, de collaborations et d\u2019\u00e9quipe , de transmission et de famille. Ici, la couture se vit au jour le jour, dans une ambiance g\u00e9n\u00e9reuse, foisonnant d&rsquo;id\u00e9es pour vous rendre toujours plus unique. Rencontrez notre \u00e9quipe shooting, [&hellip;]<\/p>","protected":false},"author":1,"featured_media":0,"parent":0,"menu_order":0,"comment_status":"closed","ping_status":"closed","template":"elementor_header_footer","meta":{"_seopress_robots_primary_cat":"","_seopress_titles_title":"Qui sommes nous?","_seopress_titles_desc":"Les coulisses des cr\u00e9ations, comment arriver \u00e0 la perfection du sur mesure selon vos envies. D\u00e9couvrez notre passion et notre \u00e9quipe!","_seopress_robots_index":"","site-sidebar-layout":"no-sidebar","site-content-layout":"page-builder","ast-site-content-layout":"full-width-container","site-content-style":"default","site-sidebar-style":"default","ast-global-header-display":"","ast-banner-title-visibility":"","ast-main-header-display":"","ast-hfb-above-header-display":"","ast-hfb-below-header-display":"","ast-hfb-mobile-header-display":"","site-post-title":"disabled","ast-breadcrumbs-content":"","ast-featured-img":"disabled","footer-sml-layout":"","theme-transparent-header-meta":"","adv-header-id-meta":"","stick-header-meta":"","header-above-stick-meta":"","header-main-stick-meta":"","header-below-stick-meta":"","astra-migrate-meta-layouts":"set","ast-page-background-enabled":"default","ast-page-background-meta":{"desktop":{"background-color":"","background-image":"","background-repeat":"repeat","background-position":"center center","background-size":"auto","background-attachment":"scroll","background-type":"","background-media":"","overlay-type":"","overlay-color":"","overlay-opacity":"","overlay-gradient":""},"tablet":{"background-color":"","background-image":"","background-repeat":"repeat","background-position":"center center","background-size":"auto","background-attachment":"scroll","background-type":"","background-media":"","overlay-type":"","overlay-color":"","overlay-opacity":"","overlay-gradient":""},"mobile":{"background-color":"","background-image":"","background-repeat":"repeat","background-position":"center center","background-size":"auto","background-attachment":"scroll","background-type":"","background-media":"","overlay-type":"","overlay-color":"","overlay-opacity":"","overlay-gradient":""}},"ast-content-background-meta":{"desktop":{"background-color":"var(--ast-global-color-5)","background-image":"","background-repeat":"repeat","background-position":"center center","background-size":"auto","background-attachment":"scroll","background-type":"","background-media":"","overlay-type":"","overlay-color":"","overlay-opacity":"","overlay-gradient":""},"tablet":{"background-color":"var(--ast-global-color-5)","background-image":"","background-repeat":"repeat","background-position":"center center","background-size":"auto","background-attachment":"scroll","background-type":"","background-media":"","overlay-type":"","overlay-color":"","overlay-opacity":"","overlay-gradient":""},"mobile":{"background-color":"var(--ast-global-color-5)","background-image":"","background-repeat":"repeat","background-position":"center center","background-size":"auto","background-attachment":"scroll","background-type":"","background-media":"","overlay-type":"","overlay-color":"","overlay-opacity":"","overlay-gradient":""}},"footnotes":""},"class_list":["post-2370","page","type-page","status-publish"],"_links":{"self":[{"href":"https:\/\/eneabyaudrey.com\/en\/wp-json\/wp\/v2\/pages\/2370","targetHints":{"allow":["GET"]}}],"collection":[{"href":"https:\/\/eneabyaudrey.com\/en\/wp-json\/wp\/v2\/pages"}],"about":[{"href":"https:\/\/eneabyaudrey.com\/en\/wp-json\/wp\/v2\/types\/page"}],"author":[{"embeddable":true,"href":"https:\/\/eneabyaudrey.com\/en\/wp-json\/wp\/v2\/users\/1"}],"replies":[{"embeddable":true,"href":"https:\/\/eneabyaudrey.com\/en\/wp-json\/wp\/v2\/comments?post=2370"}],"version-history":[{"count":138,"href":"https:\/\/eneabyaudrey.com\/en\/wp-json\/wp\/v2\/pages\/2370\/revisions"}],"predecessor-version":[{"id":6188,"href":"https:\/\/eneabyaudrey.com\/en\/wp-json\/wp\/v2\/pages\/2370\/revisions\/6188"}],"wp:attachment":[{"href":"https:\/\/eneabyaudrey.com\/en\/wp-json\/wp\/v2\/media?parent=2370"}],"curies":[{"name":"wp","href":"https:\/\/api.w.org\/{rel}","templated":true}]}}