{"id":6193,"date":"2025-10-28T18:45:56","date_gmt":"2025-10-28T18:45:56","guid":{"rendered":"https:\/\/eneabyaudrey.com\/?page_id=6193"},"modified":"2025-10-29T11:13:09","modified_gmt":"2025-10-29T11:13:09","slug":"ambassadrices-evenements","status":"publish","type":"page","link":"https:\/\/eneabyaudrey.com\/en\/ambassadrices-evenements\/","title":{"rendered":"Events and Community"},"content":{"rendered":"<div data-elementor-type=\"wp-page\" data-elementor-id=\"6193\" class=\"elementor elementor-6193\">\n\t\t\t\t<div class=\"elementor-element elementor-element-378941b e-flex e-con-boxed e-con e-parent\" data-id=\"378941b\" data-element_type=\"container\" data-settings=\"{&quot;background_background&quot;:&quot;slideshow&quot;,&quot;background_slideshow_gallery&quot;:[{&quot;id&quot;:2018,&quot;url&quot;:&quot;https:\\\/\\\/eneabyaudrey.com\\\/wp-content\\\/uploads\\\/2023\\\/12\\\/9-scaled.jpg&quot;},{&quot;id&quot;:2017,&quot;url&quot;:&quot;https:\\\/\\\/eneabyaudrey.com\\\/wp-content\\\/uploads\\\/2023\\\/12\\\/10-scaled.jpg&quot;},{&quot;id&quot;:2016,&quot;url&quot;:&quot;https:\\\/\\\/eneabyaudrey.com\\\/wp-content\\\/uploads\\\/2023\\\/12\\\/11-scaled.jpg&quot;},{&quot;id&quot;:2015,&quot;url&quot;:&quot;https:\\\/\\\/eneabyaudrey.com\\\/wp-content\\\/uploads\\\/2023\\\/12\\\/12-scaled.jpg&quot;},{&quot;id&quot;:2014,&quot;url&quot;:&quot;https:\\\/\\\/eneabyaudrey.com\\\/wp-content\\\/uploads\\\/2023\\\/12\\\/13-scaled.jpg&quot;},{&quot;id&quot;:2013,&quot;url&quot;:&quot;https:\\\/\\\/eneabyaudrey.com\\\/wp-content\\\/uploads\\\/2023\\\/12\\\/14-scaled.jpg&quot;},{&quot;id&quot;:2012,&quot;url&quot;:&quot;https:\\\/\\\/eneabyaudrey.com\\\/wp-content\\\/uploads\\\/2023\\\/12\\\/15-scaled.jpg&quot;},{&quot;id&quot;:2011,&quot;url&quot;:&quot;https:\\\/\\\/eneabyaudrey.com\\\/wp-content\\\/uploads\\\/2023\\\/12\\\/16-scaled.jpg&quot;},{&quot;id&quot;:2010,&quot;url&quot;:&quot;https:\\\/\\\/eneabyaudrey.com\\\/wp-content\\\/uploads\\\/2023\\\/12\\\/17-scaled.jpg&quot;},{&quot;id&quot;:2009,&quot;url&quot;:&quot;https:\\\/\\\/eneabyaudrey.com\\\/wp-content\\\/uploads\\\/2023\\\/12\\\/18-scaled.jpg&quot;},{&quot;id&quot;:2008,&quot;url&quot;:&quot;https:\\\/\\\/eneabyaudrey.com\\\/wp-content\\\/uploads\\\/2023\\\/12\\\/19-scaled.jpg&quot;},{&quot;id&quot;:2007,&quot;url&quot;:&quot;https:\\\/\\\/eneabyaudrey.com\\\/wp-content\\\/uploads\\\/2023\\\/12\\\/20-scaled.jpg&quot;},{&quot;id&quot;:2006,&quot;url&quot;:&quot;https:\\\/\\\/eneabyaudrey.com\\\/wp-content\\\/uploads\\\/2023\\\/12\\\/21-scaled.jpg&quot;}],&quot;background_slideshow_ken_burns&quot;:&quot;yes&quot;,&quot;background_slideshow_loop&quot;:&quot;yes&quot;,&quot;background_slideshow_slide_duration&quot;:5000,&quot;background_slideshow_slide_transition&quot;:&quot;fade&quot;,&quot;background_slideshow_transition_duration&quot;:500,&quot;background_slideshow_ken_burns_zoom_direction&quot;:&quot;in&quot;}\">\n\t\t\t\t\t<div class=\"e-con-inner\">\n\t\t\t\t\t<\/div>\n\t\t\t\t<\/div>\n\t\t<div class=\"elementor-element elementor-element-e4163f9 e-flex e-con-boxed e-con e-parent\" data-id=\"e4163f9\" data-element_type=\"container\" data-settings=\"{&quot;background_background&quot;:&quot;classic&quot;}\">\n\t\t\t\t\t<div class=\"e-con-inner\">\n\t\t\t\t<div class=\"elementor-element elementor-element-d133665 elementor-widget elementor-widget-heading\" data-id=\"d133665\" data-element_type=\"widget\" data-widget_type=\"heading.default\">\n\t\t\t\t<div class=\"elementor-widget-container\">\n\t\t\t\t\t<h1 class=\"elementor-heading-title elementor-size-default\">Community and Events<\/h1>\t\t\t\t<\/div>\n\t\t\t\t<\/div>\n\t\t\t\t\t<\/div>\n\t\t\t\t<\/div>\n\t\t<div class=\"elementor-element elementor-element-9c2572d e-flex e-con-boxed e-con e-parent\" data-id=\"9c2572d\" data-element_type=\"container\">\n\t\t\t\t\t<div class=\"e-con-inner\">\n\t\t<div class=\"elementor-element elementor-element-68dec4f e-con-full e-flex e-con e-child\" data-id=\"68dec4f\" data-element_type=\"container\">\n\t\t\t\t<div class=\"elementor-element elementor-element-4c504b5 elementor-widget-tablet__width-initial elementor-widget elementor-widget-image\" data-id=\"4c504b5\" data-element_type=\"widget\" data-widget_type=\"image.default\">\n\t\t\t\t<div class=\"elementor-widget-container\">\n\t\t\t\t\t\t\t\t\t\t\t\t\t\t\t<img fetchpriority=\"high\" decoding=\"async\" width=\"683\" height=\"1024\" src=\"https:\/\/eneabyaudrey.com\/wp-content\/uploads\/2025\/10\/IMG_7986-683x1024.jpg\" class=\"attachment-large size-large wp-image-5669\" alt=\"modele mannequin creation emotion defile\" srcset=\"https:\/\/eneabyaudrey.com\/wp-content\/uploads\/2025\/10\/IMG_7986-683x1024.jpg 683w, https:\/\/eneabyaudrey.com\/wp-content\/uploads\/2025\/10\/IMG_7986-200x300.jpg 200w, https:\/\/eneabyaudrey.com\/wp-content\/uploads\/2025\/10\/IMG_7986-768x1152.jpg 768w, https:\/\/eneabyaudrey.com\/wp-content\/uploads\/2025\/10\/IMG_7986-1024x1536.jpg 1024w, https:\/\/eneabyaudrey.com\/wp-content\/uploads\/2025\/10\/IMG_7986-1365x2048.jpg 1365w, https:\/\/eneabyaudrey.com\/wp-content\/uploads\/2025\/10\/IMG_7986-8x12.jpg 8w, https:\/\/eneabyaudrey.com\/wp-content\/uploads\/2025\/10\/IMG_7986-scaled.jpg 1707w\" sizes=\"(max-width: 683px) 100vw, 683px\" \/>\t\t\t\t\t\t\t\t\t\t\t\t\t\t\t<\/div>\n\t\t\t\t<\/div>\n\t\t\t\t<\/div>\n\t\t<div class=\"elementor-element elementor-element-1510e7c e-con-full e-flex e-con e-child\" data-id=\"1510e7c\" data-element_type=\"container\">\n\t\t\t\t<div class=\"elementor-element elementor-element-cf5be37 elementor-widget elementor-widget-heading\" data-id=\"cf5be37\" data-element_type=\"widget\" data-widget_type=\"heading.default\">\n\t\t\t\t<div class=\"elementor-widget-container\">\n\t\t\t\t\t<h6 class=\"elementor-heading-title elementor-size-default\">We live fashion all together !<br>\n<br>\nFashion Week, fashion designers events'... Live our events and join the vibrant Enea Community !<\/h6>\t\t\t\t<\/div>\n\t\t\t\t<\/div>\n\t\t\t\t<div class=\"elementor-element elementor-element-a60ee03 elementor-widget elementor-widget-image\" data-id=\"a60ee03\" data-element_type=\"widget\" data-widget_type=\"image.default\">\n\t\t\t\t<div class=\"elementor-widget-container\">\n\t\t\t\t\t\t\t\t\t\t\t\t\t\t\t<img decoding=\"async\" width=\"1024\" height=\"683\" src=\"https:\/\/eneabyaudrey.com\/wp-content\/uploads\/2025\/10\/IMG_7984-1024x683.jpg\" class=\"attachment-large size-large wp-image-5676\" alt=\"modele mannequin creation emotion defile\" srcset=\"https:\/\/eneabyaudrey.com\/wp-content\/uploads\/2025\/10\/IMG_7984-1024x683.jpg 1024w, https:\/\/eneabyaudrey.com\/wp-content\/uploads\/2025\/10\/IMG_7984-300x200.jpg 300w, https:\/\/eneabyaudrey.com\/wp-content\/uploads\/2025\/10\/IMG_7984-768x512.jpg 768w, https:\/\/eneabyaudrey.com\/wp-content\/uploads\/2025\/10\/IMG_7984-1536x1024.jpg 1536w, https:\/\/eneabyaudrey.com\/wp-content\/uploads\/2025\/10\/IMG_7984-2048x1365.jpg 2048w, https:\/\/eneabyaudrey.com\/wp-content\/uploads\/2025\/10\/IMG_7984-18x12.jpg 18w\" sizes=\"(max-width: 1024px) 100vw, 1024px\" \/>\t\t\t\t\t\t\t\t\t\t\t\t\t\t\t<\/div>\n\t\t\t\t<\/div>\n\t\t\t\t<\/div>\n\t\t\t\t\t<\/div>\n\t\t\t\t<\/div>\n\t\t\t\t<\/div>","protected":false},"excerpt":{"rendered":"<p>Ambassadrices et Communaut\u00e9 Chez Enea, la mode ca se vit ensemble ! Fashion Week, march\u00e9s de cr\u00e9ateurs&#8230;. revivez nos \u00e9v\u00e9nements et rejoingnez nous dans notre vibrante communaut\u00e9<\/p>","protected":false},"author":1,"featured_media":0,"parent":0,"menu_order":0,"comment_status":"closed","ping_status":"closed","template":"","meta":{"_seopress_robots_primary_cat":"","_seopress_titles_title":"Ambassadrices et Ev\u00e9nements","_seopress_titles_desc":"March\u00e9s de cr\u00e9ateurs, fashion week... vibrez et rejoingnez nous dans la communaut\u00e9 Enea","_seopress_robots_index":"","site-sidebar-layout":"no-sidebar","site-content-layout":"page-builder","ast-site-content-layout":"full-width-container","site-content-style":"default","site-sidebar-style":"default","ast-global-header-display":"","ast-banner-title-visibility":"","ast-main-header-display":"","ast-hfb-above-header-display":"","ast-hfb-below-header-display":"","ast-hfb-mobile-header-display":"","site-post-title":"disabled","ast-breadcrumbs-content":"","ast-featured-img":"disabled","footer-sml-layout":"","theme-transparent-header-meta":"","adv-header-id-meta":"","stick-header-meta":"","header-above-stick-meta":"","header-main-stick-meta":"","header-below-stick-meta":"","astra-migrate-meta-layouts":"set","ast-page-background-enabled":"default","ast-page-background-meta":{"desktop":{"background-color":"","background-image":"","background-repeat":"repeat","background-position":"center center","background-size":"auto","background-attachment":"scroll","background-type":"","background-media":"","overlay-type":"","overlay-color":"","overlay-opacity":"","overlay-gradient":""},"tablet":{"background-color":"","background-image":"","background-repeat":"repeat","background-position":"center center","background-size":"auto","background-attachment":"scroll","background-type":"","background-media":"","overlay-type":"","overlay-color":"","overlay-opacity":"","overlay-gradient":""},"mobile":{"background-color":"","background-image":"","background-repeat":"repeat","background-position":"center center","background-size":"auto","background-attachment":"scroll","background-type":"","background-media":"","overlay-type":"","overlay-color":"","overlay-opacity":"","overlay-gradient":""}},"ast-content-background-meta":{"desktop":{"background-color":"var(--ast-global-color-5)","background-image":"","background-repeat":"repeat","background-position":"center center","background-size":"auto","background-attachment":"scroll","background-type":"","background-media":"","overlay-type":"","overlay-color":"","overlay-opacity":"","overlay-gradient":""},"tablet":{"background-color":"var(--ast-global-color-5)","background-image":"","background-repeat":"repeat","background-position":"center center","background-size":"auto","background-attachment":"scroll","background-type":"","background-media":"","overlay-type":"","overlay-color":"","overlay-opacity":"","overlay-gradient":""},"mobile":{"background-color":"var(--ast-global-color-5)","background-image":"","background-repeat":"repeat","background-position":"center center","background-size":"auto","background-attachment":"scroll","background-type":"","background-media":"","overlay-type":"","overlay-color":"","overlay-opacity":"","overlay-gradient":""}},"footnotes":""},"class_list":["post-6193","page","type-page","status-publish"],"_links":{"self":[{"href":"https:\/\/eneabyaudrey.com\/en\/wp-json\/wp\/v2\/pages\/6193","targetHints":{"allow":["GET"]}}],"collection":[{"href":"https:\/\/eneabyaudrey.com\/en\/wp-json\/wp\/v2\/pages"}],"about":[{"href":"https:\/\/eneabyaudrey.com\/en\/wp-json\/wp\/v2\/types\/page"}],"author":[{"embeddable":true,"href":"https:\/\/eneabyaudrey.com\/en\/wp-json\/wp\/v2\/users\/1"}],"replies":[{"embeddable":true,"href":"https:\/\/eneabyaudrey.com\/en\/wp-json\/wp\/v2\/comments?post=6193"}],"version-history":[{"count":10,"href":"https:\/\/eneabyaudrey.com\/en\/wp-json\/wp\/v2\/pages\/6193\/revisions"}],"predecessor-version":[{"id":6227,"href":"https:\/\/eneabyaudrey.com\/en\/wp-json\/wp\/v2\/pages\/6193\/revisions\/6227"}],"wp:attachment":[{"href":"https:\/\/eneabyaudrey.com\/en\/wp-json\/wp\/v2\/media?parent=6193"}],"curies":[{"name":"wp","href":"https:\/\/api.w.org\/{rel}","templated":true}]}}